{"id":16650,"date":"2020-02-24T22:15:15","date_gmt":"2020-02-24T22:15:15","guid":{"rendered":"https:\/\/demo35.houzez.co\/?page_id=16650"},"modified":"2024-04-18T07:47:27","modified_gmt":"2024-04-18T07:47:27","slug":"about-us","status":"publish","type":"page","link":"https:\/\/properproperties.ro\/ro\/about-us\/","title":{"rendered":"Despre"},"content":{"rendered":"<div data-elementor-type=\"wp-page\" data-elementor-id=\"16650\" class=\"elementor elementor-16650\">\n\t\t\t\t<div class=\"elementor-element elementor-element-6395f2e animated-slow e-flex e-con-boxed elementor-invisible e-con e-parent\" data-id=\"6395f2e\" data-element_type=\"container\" data-settings=\"{&quot;background_background&quot;:&quot;classic&quot;,&quot;animation&quot;:&quot;fadeIn&quot;}\" data-core-v316-plus=\"true\">\n\t\t\t\t\t<div class=\"e-con-inner\">\n\t\t<div class=\"elementor-element elementor-element-98e4146 e-con-full e-flex e-con e-child\" data-id=\"98e4146\" data-element_type=\"container\">\n\t\t\t\t<div class=\"elementor-element elementor-element-03c051f elementor-invisible elementor-widget elementor-widget-heading\" data-id=\"03c051f\" data-element_type=\"widget\" data-settings=\"{&quot;_animation&quot;:&quot;fadeInDown&quot;}\" data-widget_type=\"heading.default\">\n\t\t\t\t<div class=\"elementor-widget-container\">\n\t\t\t<style>\/*! elementor - v3.20.0 - 13-03-2024 *\/\n.elementor-heading-title{padding:0;margin:0;line-height:1}.elementor-widget-heading .elementor-heading-title[class*=elementor-size-]>a{color:inherit;font-size:inherit;line-height:inherit}.elementor-widget-heading .elementor-heading-title.elementor-size-small{font-size:15px}.elementor-widget-heading .elementor-heading-title.elementor-size-medium{font-size:19px}.elementor-widget-heading .elementor-heading-title.elementor-size-large{font-size:29px}.elementor-widget-heading .elementor-heading-title.elementor-size-xl{font-size:39px}.elementor-widget-heading .elementor-heading-title.elementor-size-xxl{font-size:59px}<\/style><h1 class=\"elementor-heading-title elementor-size-default\">Despre Noi<\/h1>\t\t<\/div>\n\t\t\t\t<\/div>\n\t\t\t\t<\/div>\n\t\t\t\t\t<\/div>\n\t\t\t\t<\/div>\n\t\t\t\t<section class=\"elementor-section elementor-top-section elementor-element elementor-element-09038dc elementor-section-boxed elementor-section-height-default elementor-section-height-default\" data-id=\"09038dc\" data-element_type=\"section\" data-settings=\"{&quot;background_background&quot;:&quot;classic&quot;}\">\n\t\t\t\t\t\t<div class=\"elementor-container elementor-column-gap-default\">\n\t\t\t\t\t<div class=\"elementor-column elementor-col-50 elementor-top-column elementor-element elementor-element-c8278ac\" data-id=\"c8278ac\" data-element_type=\"column\">\n\t\t\t<div class=\"elementor-widget-wrap elementor-element-populated\">\n\t\t\t\t\t\t<div class=\"elementor-element elementor-element-3271868 elementor-widget elementor-widget-spacer\" data-id=\"3271868\" data-element_type=\"widget\" data-widget_type=\"spacer.default\">\n\t\t\t\t<div class=\"elementor-widget-container\">\n\t\t\t<style>\/*! elementor - v3.20.0 - 13-03-2024 *\/\n.elementor-column .elementor-spacer-inner{height:var(--spacer-size)}.e-con{--container-widget-width:100%}.e-con-inner>.elementor-widget-spacer,.e-con>.elementor-widget-spacer{width:var(--container-widget-width,var(--spacer-size));--align-self:var(--container-widget-align-self,initial);--flex-shrink:0}.e-con-inner>.elementor-widget-spacer>.elementor-widget-container,.e-con>.elementor-widget-spacer>.elementor-widget-container{height:100%;width:100%}.e-con-inner>.elementor-widget-spacer>.elementor-widget-container>.elementor-spacer,.e-con>.elementor-widget-spacer>.elementor-widget-container>.elementor-spacer{height:100%}.e-con-inner>.elementor-widget-spacer>.elementor-widget-container>.elementor-spacer>.elementor-spacer-inner,.e-con>.elementor-widget-spacer>.elementor-widget-container>.elementor-spacer>.elementor-spacer-inner{height:var(--container-widget-height,var(--spacer-size))}.e-con-inner>.elementor-widget-spacer.elementor-widget-empty,.e-con>.elementor-widget-spacer.elementor-widget-empty{position:relative;min-height:22px;min-width:22px}.e-con-inner>.elementor-widget-spacer.elementor-widget-empty .elementor-widget-empty-icon,.e-con>.elementor-widget-spacer.elementor-widget-empty .elementor-widget-empty-icon{position:absolute;top:0;bottom:0;left:0;right:0;margin:auto;padding:0;width:22px;height:22px}<\/style>\t\t<div class=\"elementor-spacer\">\n\t\t\t<div class=\"elementor-spacer-inner\"><\/div>\n\t\t<\/div>\n\t\t\t\t<\/div>\n\t\t\t\t<\/div>\n\t\t\t\t<div class=\"elementor-element elementor-element-69fe9b8 elementor-widget elementor-widget-text-editor\" data-id=\"69fe9b8\" data-element_type=\"widget\" data-widget_type=\"text-editor.default\">\n\t\t\t\t<div class=\"elementor-widget-container\">\n\t\t\t<style>\/*! elementor - v3.20.0 - 13-03-2024 *\/\n.elementor-widget-text-editor.elementor-drop-cap-view-stacked .elementor-drop-cap{background-color:#69727d;color:#fff}.elementor-widget-text-editor.elementor-drop-cap-view-framed .elementor-drop-cap{color:#69727d;border:3px solid;background-color:transparent}.elementor-widget-text-editor:not(.elementor-drop-cap-view-default) .elementor-drop-cap{margin-top:8px}.elementor-widget-text-editor:not(.elementor-drop-cap-view-default) .elementor-drop-cap-letter{width:1em;height:1em}.elementor-widget-text-editor .elementor-drop-cap{float:left;text-align:center;line-height:1;font-size:50px}.elementor-widget-text-editor .elementor-drop-cap-letter{display:inline-block}<\/style>\t\t\t\t<p class=\" translation-block\">La <b>Proper Properties<\/b>, suntem mai mult dec\u00e2t o companie; suntem o viziune adus\u0103 la via\u021b\u0103,  alimentat\u0103 de un profund spirit antreprenorial rom\u00e2nesc \u0219i capital autohton.<\/p><p>Misiunea noastr\u0103 este clar\u0103 \u0219i onest\u0103: s\u0103 cre\u0103m case excep\u021bionale \u00een loca\u021bii foarte bune, unde fiecare detaliu reflect\u0103 cele mai \u00eenalte standarde de construc\u021bie \u0219i elegan\u021b\u0103.<\/p><p>De la \u00eenfiin\u021barea noastr\u0103 \u00een 2017, am \u00eembr\u0103\u021bi\u0219at arta construirii de case premium, gestion\u00e2nd aceast\u0103 activitate cu pasiune \u0219i cu responsabilitate.<\/p><p class=\" translation-block\">C\u0103l\u0103toria noastr\u0103 este una interesant\u0103, \u00een care ne-am orientat spre dezvoltarea de proiecte reziden\u021biale de prim\u0103 clas\u0103 din Bucure\u0219ti \u0219i zona metropolitan\u0103 zona de nord a jude\u021bului Ilfov. Portofoliul <b>Proper Properties<\/b> este reprezentarea angajamentului nostru, acesta incluz\u00e2nd vile \u0219i apartamente care stau ca repere ale calit\u0103\u021bii, confortului  \u0219i stilului.<\/p><p>Cu pre\u021buri care variaz\u0103 de la 186.000 EUR + TVA pentru apartamentele din ONE Cotroceni Park \u0219i p\u00e2n\u0103 la peste 650.000 EUR + TVA pentru o vil\u0103 \u00een CUBES Residence Corbeanca, oferim spa\u021bii \u00een care visele se pot \u00eemplini, \u00eencep\u00e2nd cu luna mai 2024.<\/p><p>Spiritul Proper Properties st\u0103 \u00een amestecul unic al talentelor partenerilor no\u0219tri, de la designeri vizionari la mae\u0219trii arhitec\u021bi. \u00cempreun\u0103, ei construiesc identitatea noastr\u0103 \u00een fiecare proiect, infuz\u00e2nd fiecare proprietate cu un caracter distinct care o diferen\u021biaz\u0103, dar toate poart\u0103 amprenta inconfundabil\u0103 de elegan\u021b\u0103 a Proper Properties.<\/p><p>Re\u0219edin\u021bele noastre sunt mai mult dec\u00e2t propriet\u0103\u021bi; ele sunt esen\u021ba celor mai pre\u021buite momente din via\u021ba dumneavoastr\u0103, concepute s\u0103 v\u0103 inspire \u0219i s\u0103 v\u0103 energizeze \u00een fiecare zi.<\/p><p>\u00cembr\u0103\u021bi\u0219a\u021bi o experien\u021b\u0103 de via\u021b\u0103 unde gra\u021bia clasic\u0103 a exterioarelor noastre se armonizeaz\u0103 cu frumuse\u021bea lini\u0219tit\u0103 a gr\u0103dinilor peisagistice, preg\u0103tind scena pentru interioare care str\u0103lucesc cu sofisticare contemporan\u0103 \u0219i ultimele convenien\u021be tehnologice.<\/p><p>Aceast\u0103 fuziune \u00eentre design atemporal \u0219i lux modern a devenit semn\u0103tura noastr\u0103, o semn\u0103tur\u0103 a dedic\u0103rii noastre pentru excelen\u021b\u0103 care continu\u0103 s\u0103 captiveze an dup\u0103 an.<\/p><p class=\" translation-block\">Alegerea <b>Proper Properties<\/b> nu este doar o decizie de a g\u0103si o cas\u0103 nou\u0103 - este un pas \u00eentr-o lume unde frumuse\u021bea, inova\u021bia \u0219i calitatea converg pentru a crea o experien\u021b\u0103 de via\u021b\u0103 neegalat\u0103 \u00een profunzime \u0219i detaliu. Este un angajament fa\u021b\u0103 de un stil de via\u021b\u0103 unde fiecare moment este \u00eembibat de semnifica\u021bie, fiecare spa\u021biu spune o poveste, \u0219i fiecare zi este o invita\u021bie de a tr\u0103i cu adev\u0103rat, profund, frumos.<\/p><p>\u00a0<\/p><p>\u00a0<\/p>\t\t\t\t\t\t<\/div>\n\t\t\t\t<\/div>\n\t\t\t\t\t<\/div>\n\t\t<\/div>\n\t\t\t\t<div class=\"elementor-column elementor-col-50 elementor-top-column elementor-element elementor-element-fa6e22e\" data-id=\"fa6e22e\" data-element_type=\"column\">\n\t\t\t<div class=\"elementor-widget-wrap elementor-element-populated\">\n\t\t\t\t\t\t<div class=\"elementor-element elementor-element-032d029 elementor-widget elementor-widget-spacer\" data-id=\"032d029\" data-element_type=\"widget\" data-widget_type=\"spacer.default\">\n\t\t\t\t<div class=\"elementor-widget-container\">\n\t\t\t\t\t<div class=\"elementor-spacer\">\n\t\t\t<div class=\"elementor-spacer-inner\"><\/div>\n\t\t<\/div>\n\t\t\t\t<\/div>\n\t\t\t\t<\/div>\n\t\t\t\t<div class=\"elementor-element elementor-element-3fd08a5 elementor-widget elementor-widget-image\" data-id=\"3fd08a5\" data-element_type=\"widget\" data-widget_type=\"image.default\">\n\t\t\t\t<div class=\"elementor-widget-container\">\n\t\t\t<style>\/*! elementor - v3.20.0 - 13-03-2024 *\/\n.elementor-widget-image{text-align:center}.elementor-widget-image a{display:inline-block}.elementor-widget-image a img[src$=\".svg\"]{width:48px}.elementor-widget-image img{vertical-align:middle;display:inline-block}<\/style>\t\t\t\t\t\t\t\t\t\t<img fetchpriority=\"high\" decoding=\"async\" width=\"1024\" height=\"461\" src=\"https:\/\/properproperties.ro\/wp-content\/uploads\/2024\/03\/casa-individuala-de-vanzare-4-camere-bucuresti-ilfov-corbeanca-200099041_1000x450-1-1024x461.jpg\" class=\"attachment-large size-large wp-image-18778\" alt=\"\" srcset=\"https:\/\/properproperties.ro\/wp-content\/uploads\/2024\/03\/casa-individuala-de-vanzare-4-camere-bucuresti-ilfov-corbeanca-200099041_1000x450-1-1024x461.jpg 1024w, https:\/\/properproperties.ro\/wp-content\/uploads\/2024\/03\/casa-individuala-de-vanzare-4-camere-bucuresti-ilfov-corbeanca-200099041_1000x450-1-300x135.jpg 300w, https:\/\/properproperties.ro\/wp-content\/uploads\/2024\/03\/casa-individuala-de-vanzare-4-camere-bucuresti-ilfov-corbeanca-200099041_1000x450-1-768x346.jpg 768w, https:\/\/properproperties.ro\/wp-content\/uploads\/2024\/03\/casa-individuala-de-vanzare-4-camere-bucuresti-ilfov-corbeanca-200099041_1000x450-1-1536x691.jpg 1536w, https:\/\/properproperties.ro\/wp-content\/uploads\/2024\/03\/casa-individuala-de-vanzare-4-camere-bucuresti-ilfov-corbeanca-200099041_1000x450-1-1333x600.jpg 1333w, https:\/\/properproperties.ro\/wp-content\/uploads\/2024\/03\/casa-individuala-de-vanzare-4-camere-bucuresti-ilfov-corbeanca-200099041_1000x450-1-496x223.jpg 496w, https:\/\/properproperties.ro\/wp-content\/uploads\/2024\/03\/casa-individuala-de-vanzare-4-camere-bucuresti-ilfov-corbeanca-200099041_1000x450-1.jpg 2000w\" sizes=\"(max-width: 1024px) 100vw, 1024px\" \/>\t\t\t\t\t\t\t\t\t\t\t\t\t<\/div>\n\t\t\t\t<\/div>\n\t\t\t\t<div class=\"elementor-element elementor-element-41a431c elementor-widget elementor-widget-spacer\" data-id=\"41a431c\" data-element_type=\"widget\" data-widget_type=\"spacer.default\">\n\t\t\t\t<div class=\"elementor-widget-container\">\n\t\t\t\t\t<div class=\"elementor-spacer\">\n\t\t\t<div class=\"elementor-spacer-inner\"><\/div>\n\t\t<\/div>\n\t\t\t\t<\/div>\n\t\t\t\t<\/div>\n\t\t\t\t<div class=\"elementor-element elementor-element-90de4a3 elementor-widget elementor-widget-image\" data-id=\"90de4a3\" data-element_type=\"widget\" data-widget_type=\"image.default\">\n\t\t\t\t<div class=\"elementor-widget-container\">\n\t\t\t\t\t\t\t\t\t\t\t\t\t<img decoding=\"async\" width=\"1024\" height=\"683\" src=\"https:\/\/properproperties.ro\/wp-content\/uploads\/2020\/04\/Exterior-2-1024x683.jpg\" class=\"attachment-large size-large wp-image-18452\" alt=\"\" srcset=\"https:\/\/properproperties.ro\/wp-content\/uploads\/2020\/04\/Exterior-2-1024x683.jpg 1024w, https:\/\/properproperties.ro\/wp-content\/uploads\/2020\/04\/Exterior-2-300x200.jpg 300w, https:\/\/properproperties.ro\/wp-content\/uploads\/2020\/04\/Exterior-2-768x512.jpg 768w, https:\/\/properproperties.ro\/wp-content\/uploads\/2020\/04\/Exterior-2-900x600.jpg 900w, https:\/\/properproperties.ro\/wp-content\/uploads\/2020\/04\/Exterior-2-496x331.jpg 496w, https:\/\/properproperties.ro\/wp-content\/uploads\/2020\/04\/Exterior-2.jpg 1440w\" sizes=\"(max-width: 1024px) 100vw, 1024px\" \/>\t\t\t\t\t\t\t\t\t\t\t\t\t<\/div>\n\t\t\t\t<\/div>\n\t\t\t\t<div class=\"elementor-element elementor-element-12a0d7f elementor-widget elementor-widget-spacer\" data-id=\"12a0d7f\" data-element_type=\"widget\" data-widget_type=\"spacer.default\">\n\t\t\t\t<div class=\"elementor-widget-container\">\n\t\t\t\t\t<div class=\"elementor-spacer\">\n\t\t\t<div class=\"elementor-spacer-inner\"><\/div>\n\t\t<\/div>\n\t\t\t\t<\/div>\n\t\t\t\t<\/div>\n\t\t\t\t<div class=\"elementor-element elementor-element-316efa7 elementor-widget elementor-widget-image\" data-id=\"316efa7\" data-element_type=\"widget\" data-widget_type=\"image.default\">\n\t\t\t\t<div class=\"elementor-widget-container\">\n\t\t\t\t\t\t\t\t\t\t\t\t\t<img decoding=\"async\" width=\"1024\" height=\"683\" src=\"https:\/\/properproperties.ro\/wp-content\/uploads\/2024\/03\/casa-individuala-de-vanzare-4-camere-bucuresti-ilfov-corbeanca-199203738-1024x683.jpg\" class=\"attachment-large size-large wp-image-18786\" alt=\"\" srcset=\"https:\/\/properproperties.ro\/wp-content\/uploads\/2024\/03\/casa-individuala-de-vanzare-4-camere-bucuresti-ilfov-corbeanca-199203738-1024x683.jpg 1024w, https:\/\/properproperties.ro\/wp-content\/uploads\/2024\/03\/casa-individuala-de-vanzare-4-camere-bucuresti-ilfov-corbeanca-199203738-300x200.jpg 300w, https:\/\/properproperties.ro\/wp-content\/uploads\/2024\/03\/casa-individuala-de-vanzare-4-camere-bucuresti-ilfov-corbeanca-199203738-768x512.jpg 768w, https:\/\/properproperties.ro\/wp-content\/uploads\/2024\/03\/casa-individuala-de-vanzare-4-camere-bucuresti-ilfov-corbeanca-199203738-900x600.jpg 900w, https:\/\/properproperties.ro\/wp-content\/uploads\/2024\/03\/casa-individuala-de-vanzare-4-camere-bucuresti-ilfov-corbeanca-199203738-496x331.jpg 496w, https:\/\/properproperties.ro\/wp-content\/uploads\/2024\/03\/casa-individuala-de-vanzare-4-camere-bucuresti-ilfov-corbeanca-199203738.jpg 1440w\" sizes=\"(max-width: 1024px) 100vw, 1024px\" \/>\t\t\t\t\t\t\t\t\t\t\t\t\t<\/div>\n\t\t\t\t<\/div>\n\t\t\t\t\t<\/div>\n\t\t<\/div>\n\t\t\t\t\t<\/div>\n\t\t<\/section>\n\t\t<div class=\"elementor-element elementor-element-fa1fa0d e-grid e-con-boxed e-con e-parent\" data-id=\"fa1fa0d\" data-element_type=\"container\" data-settings=\"{&quot;background_background&quot;:&quot;classic&quot;}\" data-core-v316-plus=\"true\">\n\t\t\t\t\t<div class=\"e-con-inner\">\n\t\t\t\t<div class=\"elementor-element elementor-element-50d5661 elementor-widget elementor-widget-text-editor\" data-id=\"50d5661\" data-element_type=\"widget\" data-widget_type=\"text-editor.default\">\n\t\t\t\t<div class=\"elementor-widget-container\">\n\t\t\t\t\t\t\t<p>Bine a\u021bi venit la <b>Proper Properties<\/b>\u2014unde fiecare cas\u0103 este o capodoper\u0103, iar fiecare rezident este parte din familie.\u00a0<strong>Proper Properties<\/strong>\u2014where every home is a masterpiece, and every resident is family.<\/p><p>Descoperi\u021bi esen\u021ba vie\u021bii reziden\u021biale, unde fiecare detaliu creat este centrat pe nevoile dumneavoastr\u0103 \u0219i a familiei dumneavoastr\u0103.<\/p><h2><strong>Bun venit acas\u0103.<\/strong><\/h2>\t\t\t\t\t\t<\/div>\n\t\t\t\t<\/div>\n\t\t\t\t\t<\/div>\n\t\t\t\t<\/div>\n\t\t\t\t<\/div>","protected":false},"excerpt":{"rendered":"<p>About Us At Proper Properties, we are more than just a company; we are a vision brought to life, deeply rooted in the Romanian spirit and private entrepreneurship. Our mission is clear and heartfelt: to craft exceptional homes in coveted locations, where every detail reflects the highest standards of craftsmanship and elegance. Since our foundation [&hellip;]<\/p>","protected":false},"author":1,"featured_media":0,"parent":0,"menu_order":0,"comment_status":"closed","ping_status":"closed","template":"template\/template-homepage.php","meta":{"_monsterinsights_skip_tracking":false,"_monsterinsights_sitenote_active":false,"_monsterinsights_sitenote_note":"","_monsterinsights_sitenote_category":0,"footnotes":""},"class_list":["post-16650","page","type-page","status-publish","hentry"],"aioseo_notices":[],"_links":{"self":[{"href":"https:\/\/properproperties.ro\/ro\/wp-json\/wp\/v2\/pages\/16650","targetHints":{"allow":["GET"]}}],"collection":[{"href":"https:\/\/properproperties.ro\/ro\/wp-json\/wp\/v2\/pages"}],"about":[{"href":"https:\/\/properproperties.ro\/ro\/wp-json\/wp\/v2\/types\/page"}],"author":[{"embeddable":true,"href":"https:\/\/properproperties.ro\/ro\/wp-json\/wp\/v2\/users\/1"}],"replies":[{"embeddable":true,"href":"https:\/\/properproperties.ro\/ro\/wp-json\/wp\/v2\/comments?post=16650"}],"version-history":[{"count":22,"href":"https:\/\/properproperties.ro\/ro\/wp-json\/wp\/v2\/pages\/16650\/revisions"}],"predecessor-version":[{"id":19128,"href":"https:\/\/properproperties.ro\/ro\/wp-json\/wp\/v2\/pages\/16650\/revisions\/19128"}],"wp:attachment":[{"href":"https:\/\/properproperties.ro\/ro\/wp-json\/wp\/v2\/media?parent=16650"}],"curies":[{"name":"wp","href":"https:\/\/api.w.org\/{rel}","templated":true}]}}